{"id":26,"date":"2024-01-15T22:44:09","date_gmt":"2024-01-15T21:44:09","guid":{"rendered":"https:\/\/www2.atnog.at\/?page_id=26"},"modified":"2026-03-12T08:42:09","modified_gmt":"2026-03-12T07:42:09","slug":"home","status":"publish","type":"page","link":"https:\/\/atnog.at\/","title":{"rendered":"Home"},"content":{"rendered":"\n<p class=\"has-regular-font-size\">Die \u00f6sterreichische Network Operators Group (AT:NOG) ist eine unabh\u00e4ngige, neutrale und informelle Gruppe, die den Informations- und Erfahrungsaustausch zwischen Technikerinnen und Technikern gro\u00dfer IP-basierter Netze f\u00f6rdert. ATNOG ist ein Forum sowohl f\u00fcr Betreiber von Internet Service Provider Netzen, als auch von Campus- bzw. Unternehmensnetzen. Ziel von AT:NOG ist es, den Qualit\u00e4tsstandard des \u00f6sterreichischen Internets sicher zu stellen und durch aktiven Ideenaustausch weiter zu entwickeln.<\/p>\n\n\n\n<p>Als Kommunikationsplattform dient eine Mailingliste sowie &#8222;Stammtische&#8220; f\u00fcr den pers\u00f6nlichen Kontakt. Ende Februar 2015 wurde die AT:NOG-Mailingliste in Betrieb genommen und die ersten AT:NOG-Stammtischtreffen fanden im M\u00e4rz sowie am Juni 2015 an der Universit\u00e4t Wien mit ACOnet als Gastgeber statt. <\/p>\n\n\n\n<figure class=\"wp-block-table is-style-regular\"><table><tbody><tr><td><strong>N\u00e4chstes AT:NOG Meetup<\/strong><\/td><\/tr><tr><td>A1 Telekom Austria wird das n\u00e4chste Meetup hosten: <strong>AT:NOG 2026\/1<\/strong> findet am 6. Mai 2026 im A1 Headquarter (Lassallestra\u00dfe 9, 1020 Wien) statt. Weitere Informationen und Anmeldem\u00f6glichkeit folgen.<\/td><\/tr><\/tbody><\/table><\/figure>\n\n\n\n<div class=\"wp-block-group is-content-justification-center is-nowrap is-layout-flex wp-container-core-group-is-layout-065bca85 wp-block-group-is-layout-flex\">\n<figure class=\"wp-block-table is-style-regular\"><table><tbody><tr><td><strong>Bisherige Themen<\/strong><\/td><\/tr><tr><td>Netzhygiene \/ Anti-Spoofing-Filter (BCP38)<br>DNS\/AnyCast Betriebserfahrungen<br>BGP Routing und Filter-Techniken<br>DDoS und Abwehrmethoden<br>NetFlow Auswertung<br>interne Routingprotokolle<br>Router-Management Methoden<\/td><\/tr><\/tbody><\/table><\/figure>\n\n\n\n<figure class=\"wp-block-table is-style-regular\"><table><tbody><tr><td><strong>Mailingliste<\/strong><\/td><\/tr><tr><td>Subskription der Mailingliste \u00fcber:<br><a href=\"http:\/\/atnog.at\/mailman\/listinfo\/atnog\">http:\/\/atnog.at\/mailman\/listinfo\/atnog<\/a><\/td><\/tr><\/tbody><\/table><\/figure>\n<\/div>\n\n\n\n<div class=\"wp-block-group is-content-justification-center is-nowrap is-layout-flex wp-container-core-group-is-layout-35f56f29 wp-block-group-is-layout-flex\"><\/div>\n","protected":false},"excerpt":{"rendered":"<p>Die \u00f6sterreichische Network Operators Group (AT:NOG) ist eine unabh\u00e4ngige, neutrale und informelle Gruppe, die den Informations- und Erfahrungsaustausch zwischen Technikerinnen und Technikern gro\u00dfer IP-basierter Netze f\u00f6rdert. ATNOG ist [&hellip;]<\/p>\n","protected":false},"author":1,"featured_media":0,"parent":0,"menu_order":0,"comment_status":"closed","ping_status":"closed","template":"","meta":{"footnotes":""},"class_list":["post-26","page","type-page","status-publish","hentry"],"_links":{"self":[{"href":"https:\/\/atnog.at\/index.php?rest_route=\/wp\/v2\/pages\/26","targetHints":{"allow":["GET"]}}],"collection":[{"href":"https:\/\/atnog.at\/index.php?rest_route=\/wp\/v2\/pages"}],"about":[{"href":"https:\/\/atnog.at\/index.php?rest_route=\/wp\/v2\/types\/page"}],"author":[{"embeddable":true,"href":"https:\/\/atnog.at\/index.php?rest_route=\/wp\/v2\/users\/1"}],"replies":[{"embeddable":true,"href":"https:\/\/atnog.at\/index.php?rest_route=%2Fwp%2Fv2%2Fcomments&post=26"}],"version-history":[{"count":42,"href":"https:\/\/atnog.at\/index.php?rest_route=\/wp\/v2\/pages\/26\/revisions"}],"predecessor-version":[{"id":299,"href":"https:\/\/atnog.at\/index.php?rest_route=\/wp\/v2\/pages\/26\/revisions\/299"}],"wp:attachment":[{"href":"https:\/\/atnog.at\/index.php?rest_route=%2Fwp%2Fv2%2Fmedia&parent=26"}],"curies":[{"name":"wp","href":"https:\/\/api.w.org\/{rel}","templated":true}]}}